{"id":45,"date":"2014-07-15T20:18:40","date_gmt":"2014-07-15T20:18:40","guid":{"rendered":"http:\/\/npstockholm.se\/?page_id=45"},"modified":"2026-04-22T02:55:50","modified_gmt":"2026-04-22T02:55:50","slug":"nyheter","status":"publish","type":"page","link":"https:\/\/npstockholm.se\/?page_id=45","title":{"rendered":"Nyheter Resor Biljetter"},"content":{"rendered":"\n<p><\/p>\n\n\n<p><span style=\"color: #000080;\">\u00a0Resa till final 4 den 30\/4.<\/span><\/p>\n<p>Avg\u00e5ng fr\u00e5n Vasagatan 16 vid hotell Terminus kl: 10:00.<\/p>\n<p>P\u00e5stigning vid f\u00f6ljande platser.<\/p>\n<p>Moraberg, Mcdonalds c:a kl: 10:30-10:45.<\/p>\n<p>Norrk\u00f6ping, Klinga c:a 12:00.<\/p>\n<p>Mj\u00f6lby, Mcdonalds c:a 12:30-13:00.<\/p>\n<p>Matstopp vid Brahehus runt kl: 13:30-14:00.<\/p>\n<p>J\u00f6nk\u00f6ping, Husqvarna Garden c:a kl:15:00-15:30.<\/p>\n<p>Ljungby, Circkle k truck c:a kl: 16:15-16:30<\/p>\n<p>Framme Catena arena c:a kl:17:30-18:00.<\/p>\n<p>Anm\u00e4lan till npsthlm@gmail.com eller 073-048 95 35, kostnad 700:- ( buss+biljett).<\/p>\n<p>Swish: 123 120 93 94 eller bankgiro: 438-9094.<\/p>\n<p>\u00a0<\/p>\n<p>Anm\u00e4lda:\u00a0<span style=\"color: #ff0000;\"> 52 \/ <span style=\"color: #000000;\">52<\/span><\/span><\/p>\n<p>\u00a0<\/p>\n<p>.<\/p>\n<p><span style=\"font-size: revert; color: initial;\">Vid k\u00f6p av bortast\u00e5 biljetter till bortamatcher under s\u00e4songen,s\u00e5 kommer det att mailas ut till alla medlemmar en l\u00e4nk till dessa. Mailas ut n\u00e5gon vecka f\u00f6re matchdag, skulle ni trots detta inte f\u00e5tt n\u00e5got mail. Sms:a mig d\u00e5 073-048 95 35.<\/span><\/p>\n<p>\u00a0<\/p>\n<p><strong>MEDLEMSAVGIFT 2025\/2026.<\/strong><\/p>\n<p><a href=\"http:\/\/npstockholm.se\/?page_id=42\">Bli medlem 2025\/2026<\/a>.<\/p>\n<p>Enskild 300:-<\/p>\n<p>ungdom\u00a0 200:-\u00a0 upp till 15 \u00e5r<\/p>\n<p>Familj 650:-<\/p>\n<p><b>PLANERADE RESOR S\u00c4SONGEN 2025\/2026<\/b><\/p>\n<p>L\u00f6rdag 31\/1-26 Bryn\u00e4s matchstart: 15:15.<\/p>\n<p>Ev. Kvartsfinal, semifinal och final.<\/p>\n<p>\u00a0<\/p>","protected":false},"excerpt":{"rendered":"<p class=\"excerpt\">\u00a0Resa till final 4 den 30\/4. Avg\u00e5ng fr\u00e5n Vasagatan 16 vid hotell Terminus kl: 10:00. P\u00e5stigning vid f\u00f6ljande platser. Moraberg, Mcdonalds c:a kl: 10:30-10:45. Norrk\u00f6ping, Klinga c:a 12:00. Mj\u00f6lby, Mcdonalds c:a 12:30-13:00. Matstopp vid Brahehus runt kl: 13:30-14:00. J\u00f6nk\u00f6ping, Husqvarna Garden c:a kl:15:00-15:30. Ljungby, Circkle k truck c:a kl: 16:15-16:30 Framme Catena arena c:a kl:17:30-18:00. Anm\u00e4lan till npsthlm@gmail.com eller 073-048&hellip;<\/p>\n<p class=\"more-link-p\"><a class=\"btn btn-default\" href=\"https:\/\/npstockholm.se\/?page_id=45\">Read more<\/a><\/p>\n","protected":false},"author":1,"featured_media":0,"parent":0,"menu_order":0,"comment_status":"closed","ping_status":"closed","template":"","meta":[],"_links":{"self":[{"href":"https:\/\/npstockholm.se\/index.php?rest_route=\/wp\/v2\/pages\/45"}],"collection":[{"href":"https:\/\/npstockholm.se\/index.php?rest_route=\/wp\/v2\/pages"}],"about":[{"href":"https:\/\/npstockholm.se\/index.php?rest_route=\/wp\/v2\/types\/page"}],"author":[{"embeddable":true,"href":"https:\/\/npstockholm.se\/index.php?rest_route=\/wp\/v2\/users\/1"}],"replies":[{"embeddable":true,"href":"https:\/\/npstockholm.se\/index.php?rest_route=%2Fwp%2Fv2%2Fcomments&post=45"}],"version-history":[{"count":1873,"href":"https:\/\/npstockholm.se\/index.php?rest_route=\/wp\/v2\/pages\/45\/revisions"}],"predecessor-version":[{"id":2514,"href":"https:\/\/npstockholm.se\/index.php?rest_route=\/wp\/v2\/pages\/45\/revisions\/2514"}],"wp:attachment":[{"href":"https:\/\/npstockholm.se\/index.php?rest_route=%2Fwp%2Fv2%2Fmedia&parent=45"}],"curies":[{"name":"wp","href":"https:\/\/api.w.org\/{rel}","templated":true}]}}