{"id":1437,"date":"2019-12-31T19:12:47","date_gmt":"2019-12-31T19:12:47","guid":{"rendered":"http:\/\/npstockholm.se\/?page_id=1437"},"modified":"2019-12-31T19:16:25","modified_gmt":"2019-12-31T19:16:25","slug":"reseregler-och-information","status":"publish","type":"page","link":"https:\/\/npstockholm.se\/?page_id=1437","title":{"rendered":"Reseregler och information."},"content":{"rendered":"<p>F\u00f6reningen st\u00e5r f\u00f6r en positiv och aktiv supporterkultur och har som m\u00e5l att f\u00f6lja, st\u00f6dja och hylla laget p\u00e5 bortamatcher.<\/p>\n<p>ANM\u00c4LNINGSRUTINER:<\/p>\n<p>F\u00f6r att resa med oss m\u00e5ste du vara medlem i NP Stockholm eller North power.<br \/>\nDetta f\u00f6r att resorna ordnas av NP Stockholm f\u00f6r f\u00f6reningens medlemmar,ofta till ett<br \/>\nsubventionerat pris. <\/p>\n<p>Senaste dagen f\u00f6r anm\u00e4lan kan variera beroende p\u00e5 motst\u00e5ndarklubben.<br \/>\nF\u00f6r att l\u00e4ttare kunna planera resorna och best\u00e4lla biljetter vill vi g\u00e4rna att ni anm\u00e4ler<br \/>\ner s\u00e5 tidigt som m\u00f6jligt.Det \u00e4r d\u00e5 ocks\u00e5 mindre risk att vi beh\u00f6ver st\u00e4lla in n\u00e5gon resa<br \/>\np.g.a f\u00f6r f\u00e5 anm\u00e4lda. <\/p>\n<p>I priset f\u00f6r resan ing\u00e5r matchbiljett till st\u00e5plats.<br \/>\nBetalning sker samtidigt som anm\u00e4lan till f\u00f6reningens konto. <\/p>\n<p>AVG\u00c5NG:<\/p>\n<p>Bussen\/Bussarna avg\u00e5r alltid fr\u00e5n Vasagatan 16.F\u00f6r att h\u00e5lla v\u00e5r tidsplanering v\u00e4ntar<br \/>\ninte vi p\u00e5 n\u00e5gon,s\u00e5 kom i tid.<\/p>\n<p>Vill du bli upplockad efter v\u00e4gen s\u00e5 skicka ett mejl till npsthlm@gmail.com s\u00e5 f\u00f6rs\u00f6ker vi ordna det. <\/p>\n<p>Kolla alltid p\u00e5 v\u00e5r hemsida eller Facebook f\u00f6r senaste info och eventuella \u00e4ndringar i reseplanen eller i v\u00e4rsta fall inst\u00e4lld resa. <\/p>\n<p>REGLER:<\/p>\n<p>Skadeg\u00f6relse eller andra sanit\u00e4ra ol\u00e4genheter som medf\u00f6r kostnader f\u00f6r f\u00f6reningen.<br \/>\nKommer att medf\u00f6ra krav p\u00e5 ers\u00e4ttning f\u00f6r motsvarande kostnader samt kan leda till avst\u00e4ngning fr\u00e5n resor. <\/p>\n<p>Vid stopp f\u00f6r mat\/rast \u00e4r det angiven tid som g\u00e4ller,sedan rullar bussen utan att inv\u00e4nta<br \/>\nf\u00f6rsenade personer. <\/p>\n<p>Du \u00e4r skyldig att se till att ditt skr\u00e4p hamnar i sops\u00e4ckarna\/p\u00e5sarna som finns utplacerade i bussen. Nedskr\u00e4pning kan medf\u00f6ra \u00e5tg\u00e4rder som t.e.x,avst\u00e4ngning och\/eller<br \/>\nkrav om ers\u00e4ttning f\u00f6r ev,kostnader. <\/p>\n<p>Det \u00e4r ingen id\u00e9 att f\u00f6rs\u00f6ka ta med sig egen alkohol in p\u00e5 arenan,visitation sker vid ing\u00e5ng. Ingen form av pyroteknik \u00e4r till\u00e5ten inne p\u00e5 arenorna. <\/p>\n<p>Var och en m\u00e5ste ta sitt eget ansvar .Vid omh\u00e4ndertagande av ordningsmakten p\u00e5 grund utav<br \/>\nordningsst\u00f6rande beteende som inneb\u00e4r att vederb\u00f6rande inte kan infinna sig vid utsatt tid f\u00f6r hemresa. F\u00e5r sj\u00e4lv ombes\u00f6rja sin hemf\u00e4rd. <\/p>\n<p>Du ska f\u00f6lja och respektera det som v\u00e5ra resev\u00e4rdar best\u00e4mmer d\u00e5 du deltar p\u00e5 resor anordnade av NP Stockholm. De som missk\u00f6ter sig kan av v\u00e4rdarna avvisas ifr\u00e5n bussen och NP Stockholm ansvarar d\u00e5 inte f\u00f6r personens vidare resa. <\/p>\n<p>AVBOKNING:<\/p>\n<p>En bokad resa \u00e4r en bokad resa och n\u00e5gon \u00e5terbetalning kommer inte ske ev ,avbokning. <\/p>\n<p>                      Supporter f\u00f6reningen NP Stockholm. <\/p>\n","protected":false},"excerpt":{"rendered":"<p class=\"excerpt\">F\u00f6reningen st\u00e5r f\u00f6r en positiv och aktiv supporterkultur och har som m\u00e5l att f\u00f6lja, st\u00f6dja och hylla laget p\u00e5 bortamatcher. ANM\u00c4LNINGSRUTINER: F\u00f6r att resa med oss m\u00e5ste du vara medlem i NP Stockholm eller North power. Detta f\u00f6r att resorna ordnas av NP Stockholm f\u00f6r f\u00f6reningens medlemmar,ofta till ett subventionerat pris. Senaste dagen f\u00f6r anm\u00e4lan kan variera beroende p\u00e5 motst\u00e5ndarklubben.&hellip;<\/p>\n<p class=\"more-link-p\"><a class=\"btn btn-default\" href=\"https:\/\/npstockholm.se\/?page_id=1437\">Read more<\/a><\/p>\n","protected":false},"author":1,"featured_media":0,"parent":0,"menu_order":0,"comment_status":"closed","ping_status":"closed","template":"","meta":[],"_links":{"self":[{"href":"https:\/\/npstockholm.se\/index.php?rest_route=\/wp\/v2\/pages\/1437"}],"collection":[{"href":"https:\/\/npstockholm.se\/index.php?rest_route=\/wp\/v2\/pages"}],"about":[{"href":"https:\/\/npstockholm.se\/index.php?rest_route=\/wp\/v2\/types\/page"}],"author":[{"embeddable":true,"href":"https:\/\/npstockholm.se\/index.php?rest_route=\/wp\/v2\/users\/1"}],"replies":[{"embeddable":true,"href":"https:\/\/npstockholm.se\/index.php?rest_route=%2Fwp%2Fv2%2Fcomments&post=1437"}],"version-history":[{"count":2,"href":"https:\/\/npstockholm.se\/index.php?rest_route=\/wp\/v2\/pages\/1437\/revisions"}],"predecessor-version":[{"id":1440,"href":"https:\/\/npstockholm.se\/index.php?rest_route=\/wp\/v2\/pages\/1437\/revisions\/1440"}],"wp:attachment":[{"href":"https:\/\/npstockholm.se\/index.php?rest_route=%2Fwp%2Fv2%2Fmedia&parent=1437"}],"curies":[{"name":"wp","href":"https:\/\/api.w.org\/{rel}","templated":true}]}}